{"id":2454,"date":"2026-03-18T13:48:51","date_gmt":"2026-03-18T12:48:51","guid":{"rendered":"https:\/\/www.ss-kresevo.ba\/?page_id=2454"},"modified":"2026-03-20T13:00:29","modified_gmt":"2026-03-20T12:00:29","slug":"cnc-operater-strojarstvo-c","status":"publish","type":"page","link":"https:\/\/www.ss-kresevo.ba\/?page_id=2454","title":{"rendered":"CNC OPERATER"},"content":{"rendered":"\n\n\n\n\n<p><\/p>\n\n\n\n<p>CNC OPERATER \u2013 OPIS ZANIMANJA<\/p>\n\n\n\n<p>CNC operater je zanimanje u kojem u\u010denici stje\u010du znanja i vje\u0161tine vezane za rad na suvremenim CNC ma\u0161inama koje se koriste za obradu metala i drugih materijala. Tijekom \u0161kolovanja u\u010denici u\u010de kako upravljati ma\u0161inama s pomo\u0107u ra\u010dunara i kako precizno izra\u0111ivati razli\u010dite dijelove koji se koriste u industriji.<\/p>\n\n\n\n<p>Osnove strojarstva<br>U\u010denici u\u010de osnovna znanja o strojevima, alatima i materijalima koji se koriste u metalnoj industriji i proizvodnji.<\/p>\n\n\n\n<p>Tehni\u010dko crtanje<br>Stje\u010du znanja o \u010ditanju i izradi tehni\u010dkih crte\u017ea koji prikazuju izgled, dimenzije i na\u010din izrade odre\u0111enog dijela.<\/p>\n\n\n\n<p>CNC tehnologija<br>Upoznaju se s radom CNC ma\u0161ina koje automatski re\u017eu, bu\u0161e, glodanju i obra\u0111uju metalne dijelove prema unaprijed pripremljenim programima.<\/p>\n\n\n\n<p>Programiranje CNC ma\u0161ina<br>U\u010de osnove programiranja CNC ma\u0161ina kako bi mogli zadati ma\u0161ini to\u010dne upute za izradu odre\u0111enog proizvoda.<\/p>\n\n\n\n<p>Mjerenje i kontrola kvaliteta<br>U\u010denici u\u010de kako mjeriti izra\u0111ene dijelove s pomo\u0107u razli\u010ditih mjernih instrumenata i provjeravati jeli su izra\u0111eni dijelovi to\u010dni i kvalitetni.<\/p>\n\n\n\n<p>Rad na CNC ma\u0161inama<br>Tijekom prakti\u010dne nastave u\u010denici u\u010de kako pravilno pripremiti materijal, postaviti alat u ma\u0161inu, pokrenuti program i pratiti rad ma\u0161ine tijekom obrade.<\/p>\n\n\n\n<p>Sigurnost na radu<br>Stje\u010du znanja o pravilnom i sigurnom radu u radionici, kori\u0161tenju za\u0161titne opreme i pravilnom rukovanju strojevima.<\/p>\n\n\n\n<p>Nakon zavr\u0161etka \u0161kolovanja CNC operateri mogu raditi u metalnoj industriji, proizvodnim pogonima, radionicama za obradu metala ili u firmama koje proizvode dijelove za automobile, ma\u0161ine i druge ure\u0111aje. Tako\u0111er mogu nastaviti dalje \u0161kolovanje u podru\u010dju strojarstva.<\/p>\n","protected":false},"excerpt":{"rendered":"<p>CNC OPERATER \u2013 OPIS ZANIMANJA CNC operater je zanimanje u kojem u\u010denici stje\u010du znanja i vje\u0161tine vezane za rad na suvremenim CNC ma\u0161inama koje se koriste za obradu metala i drugih materijala. Tijekom \u0161kolovanja u\u010denici u\u010de kako upravljati ma\u0161inama s &hellip; <a href=\"https:\/\/www.ss-kresevo.ba\/?page_id=2454\">Nastavi \u010ditati <span class=\"meta-nav\">&rarr;<\/span><\/a><\/p>\n","protected":false},"author":2,"featured_media":0,"parent":2406,"menu_order":1,"comment_status":"closed","ping_status":"closed","template":"","meta":{"footnotes":""},"class_list":["post-2454","page","type-page","status-publish","hentry"],"_links":{"self":[{"href":"https:\/\/www.ss-kresevo.ba\/index.php?rest_route=\/wp\/v2\/pages\/2454","targetHints":{"allow":["GET"]}}],"collection":[{"href":"https:\/\/www.ss-kresevo.ba\/index.php?rest_route=\/wp\/v2\/pages"}],"about":[{"href":"https:\/\/www.ss-kresevo.ba\/index.php?rest_route=\/wp\/v2\/types\/page"}],"author":[{"embeddable":true,"href":"https:\/\/www.ss-kresevo.ba\/index.php?rest_route=\/wp\/v2\/users\/2"}],"replies":[{"embeddable":true,"href":"https:\/\/www.ss-kresevo.ba\/index.php?rest_route=%2Fwp%2Fv2%2Fcomments&post=2454"}],"version-history":[{"count":4,"href":"https:\/\/www.ss-kresevo.ba\/index.php?rest_route=\/wp\/v2\/pages\/2454\/revisions"}],"predecessor-version":[{"id":2492,"href":"https:\/\/www.ss-kresevo.ba\/index.php?rest_route=\/wp\/v2\/pages\/2454\/revisions\/2492"}],"up":[{"embeddable":true,"href":"https:\/\/www.ss-kresevo.ba\/index.php?rest_route=\/wp\/v2\/pages\/2406"}],"wp:attachment":[{"href":"https:\/\/www.ss-kresevo.ba\/index.php?rest_route=%2Fwp%2Fv2%2Fmedia&parent=2454"}],"curies":[{"name":"wp","href":"https:\/\/api.w.org\/{rel}","templated":true}]}}