{"id":2429,"date":"2026-03-11T13:21:20","date_gmt":"2026-03-11T12:21:20","guid":{"rendered":"https:\/\/www.ss-kresevo.ba\/?page_id=2429"},"modified":"2026-03-11T13:22:06","modified_gmt":"2026-03-11T12:22:06","slug":"automehanicar-strojarstvo-c","status":"publish","type":"page","link":"https:\/\/www.ss-kresevo.ba\/?page_id=2429","title":{"rendered":"Automehani\u010dar"},"content":{"rendered":"\n<figure class=\"wp-block-image size-large is-resized\"><img loading=\"lazy\" decoding=\"async\" width=\"768\" height=\"1024\" src=\"https:\/\/www.ss-kresevo.ba\/wp-content\/uploads\/2026\/03\/480006832_1147885370462576_8798319843678659794_n-768x1024.jpg\" alt=\"\" class=\"wp-image-2432\" style=\"width:481px;height:auto\" srcset=\"https:\/\/www.ss-kresevo.ba\/wp-content\/uploads\/2026\/03\/480006832_1147885370462576_8798319843678659794_n-768x1024.jpg 768w, https:\/\/www.ss-kresevo.ba\/wp-content\/uploads\/2026\/03\/480006832_1147885370462576_8798319843678659794_n-225x300.jpg 225w, https:\/\/www.ss-kresevo.ba\/wp-content\/uploads\/2026\/03\/480006832_1147885370462576_8798319843678659794_n-1152x1536.jpg 1152w, https:\/\/www.ss-kresevo.ba\/wp-content\/uploads\/2026\/03\/480006832_1147885370462576_8798319843678659794_n.jpg 1200w\" sizes=\"auto, (max-width: 768px) 100vw, 768px\" \/><\/figure>\n\n\n\n<p><strong>AUTOMEHANI\u010cAR \u2013 OPIS ZANIMANJA<\/strong><\/p>\n\n\n\n<p>Automehani\u010dar je zanimanje u kojem u\u010denici stje\u010du znanja i vje\u0161tine vezane za odr\u017eavanje, dijagnostiku i popravku motornih vozila. Tijekom \u0161kolovanja upoznaju se s radom motora, automobilskih sustava i pravilnim kori\u0161tenjem alata i opreme u auto-servisima.<\/p>\n\n\n\n<p><strong>Motori s unutra\u0161njim sagorijevanjem<\/strong><br>U\u010denici u\u010de kako rade benzinski i dizelski motori, njihove dijelove, na\u010din rada i postupke odr\u017eavanja i popravke.<\/p>\n\n\n\n<p><strong>Odr\u017eavanje i servisiranje vozila<\/strong><br>Stje\u010du znanja o redovnom odr\u017eavanju automobila, zamjeni ulja i filtera, servisiranju ko\u010dnica, guma i drugih va\u017enih dijelova vozila.<\/p>\n\n\n\n<p><strong>Elektrika i elektronika u vozilima<\/strong><br>Upoznaju se s elektri\u010dnim instalacijama u automobilima, radom akumulatora, svjetala, senzora i drugih elektroni\u010dkih sustava.<\/p>\n\n\n\n<p><strong>Dijagnostika kvarova<\/strong><br>U\u010de kako prepoznati i prona\u0107i kvar na vozilu s pomo\u0107u razli\u010ditih alata i dijagnosti\u010dkih ure\u0111aja.<\/p>\n\n\n\n<p><strong>Rad s alatima i opremom<\/strong><br>Tijekom \u0161kolovanja razvijaju vje\u0161tine pravilnog kori\u0161tenja mehani\u010dkih alata, servisne opreme i ure\u0111aja koji se koriste u auto-servisima.<\/p>\n\n\n\n<p><strong>Prakti\u010dna nastava<\/strong><br>Veliki dio obrazovanja \u010dini prakti\u010dan rad u \u0161kolskim radionicama ili auto-servisima gdje u\u010denici primjenjuju ste\u010dena znanja i stje\u010du iskustvo u radu s vozilima.<\/p>\n\n\n\n<p>Nakon zavr\u0161etka \u0161kolovanja automehani\u010dari mogu raditi u auto-servisima, radionicama za popravku vozila, servisima za tehni\u010dki pregled vozila ili nastaviti \u0161kolovanje u srodnim tehni\u010dkim zanimanjima.<\/p>\n","protected":false},"excerpt":{"rendered":"<p>AUTOMEHANI\u010cAR \u2013 OPIS ZANIMANJA Automehani\u010dar je zanimanje u kojem u\u010denici stje\u010du znanja i vje\u0161tine vezane za odr\u017eavanje, dijagnostiku i popravku motornih vozila. Tijekom \u0161kolovanja upoznaju se s radom motora, automobilskih sustava i pravilnim kori\u0161tenjem alata i opreme u auto-servisima. Motori &hellip; <a href=\"https:\/\/www.ss-kresevo.ba\/?page_id=2429\">Nastavi \u010ditati <span class=\"meta-nav\">&rarr;<\/span><\/a><\/p>\n","protected":false},"author":2,"featured_media":0,"parent":2406,"menu_order":1,"comment_status":"closed","ping_status":"closed","template":"","meta":{"footnotes":""},"class_list":["post-2429","page","type-page","status-publish","hentry"],"_links":{"self":[{"href":"https:\/\/www.ss-kresevo.ba\/index.php?rest_route=\/wp\/v2\/pages\/2429","targetHints":{"allow":["GET"]}}],"collection":[{"href":"https:\/\/www.ss-kresevo.ba\/index.php?rest_route=\/wp\/v2\/pages"}],"about":[{"href":"https:\/\/www.ss-kresevo.ba\/index.php?rest_route=\/wp\/v2\/types\/page"}],"author":[{"embeddable":true,"href":"https:\/\/www.ss-kresevo.ba\/index.php?rest_route=\/wp\/v2\/users\/2"}],"replies":[{"embeddable":true,"href":"https:\/\/www.ss-kresevo.ba\/index.php?rest_route=%2Fwp%2Fv2%2Fcomments&post=2429"}],"version-history":[{"count":3,"href":"https:\/\/www.ss-kresevo.ba\/index.php?rest_route=\/wp\/v2\/pages\/2429\/revisions"}],"predecessor-version":[{"id":2435,"href":"https:\/\/www.ss-kresevo.ba\/index.php?rest_route=\/wp\/v2\/pages\/2429\/revisions\/2435"}],"up":[{"embeddable":true,"href":"https:\/\/www.ss-kresevo.ba\/index.php?rest_route=\/wp\/v2\/pages\/2406"}],"wp:attachment":[{"href":"https:\/\/www.ss-kresevo.ba\/index.php?rest_route=%2Fwp%2Fv2%2Fmedia&parent=2429"}],"curies":[{"name":"wp","href":"https:\/\/api.w.org\/{rel}","templated":true}]}}