{"id":2424,"date":"2026-03-10T12:47:57","date_gmt":"2026-03-10T11:47:57","guid":{"rendered":"https:\/\/www.ss-kresevo.ba\/?page_id=2424"},"modified":"2026-03-10T12:49:14","modified_gmt":"2026-03-10T11:49:14","slug":"tehnicar-za-vozila-i-vozna-sredstva","status":"publish","type":"page","link":"https:\/\/www.ss-kresevo.ba\/?page_id=2424","title":{"rendered":"Tehni\u010dar za vozila i vozna sredstva"},"content":{"rendered":"\n<figure class=\"wp-block-image size-full\"><img loading=\"lazy\" decoding=\"async\" width=\"1600\" height=\"1200\" src=\"http:\/\/www.ss-kresevo.ba\/wp-content\/uploads\/2026\/03\/vozila.jpg\" alt=\"\" class=\"wp-image-2426\" srcset=\"https:\/\/www.ss-kresevo.ba\/wp-content\/uploads\/2026\/03\/vozila.jpg 1600w, https:\/\/www.ss-kresevo.ba\/wp-content\/uploads\/2026\/03\/vozila-300x225.jpg 300w, https:\/\/www.ss-kresevo.ba\/wp-content\/uploads\/2026\/03\/vozila-1024x768.jpg 1024w, https:\/\/www.ss-kresevo.ba\/wp-content\/uploads\/2026\/03\/vozila-768x576.jpg 768w, https:\/\/www.ss-kresevo.ba\/wp-content\/uploads\/2026\/03\/vozila-1536x1152.jpg 1536w, https:\/\/www.ss-kresevo.ba\/wp-content\/uploads\/2026\/03\/vozila-400x300.jpg 400w\" sizes=\"auto, (max-width: 1600px) 100vw, 1600px\" \/><\/figure>\n\n\n\n<p><strong>Zanimanje: Tehni\u010dar za vozila i vozna sredstva<\/strong><\/p>\n\n\n\n<p>Tehni\u010dar za vozila i vozna sredstva je zanimanje u srednjoj tehni\u010dkoj \u0161koli koje priprema u\u010denike za rad s razli\u010ditim vrstama vozila i transportnih sistema. Ovaj smjer je namijenjen u\u010denicima koje zanimaju automobili, kamioni, autobusi, vozovi i op\u0107enito tehnika vezana za saobra\u0107aj i odr\u017eavanje vozila.<\/p>\n\n\n\n<p><strong>Opis zanimanja<\/strong><br>Tehni\u010dar za vozila i vozna sredstva bavi se pregledom, odr\u017eavanjem, dijagnostikom i organizacijom rada voznih sredstava. Njegov zadatak je da osigura da su vozila tehni\u010dki ispravna, sigurna za vo\u017enju i pravilno odr\u017eavana.<\/p>\n\n\n\n<p><strong>\u0160to u\u010denici u\u010de u \u0161koli<\/strong><br>Tijekom \u0161kolovanja u\u010denici stje\u010du teorijska i prakti\u010dna znanja iz:<\/p>\n\n\n\n<ul class=\"wp-block-list\">\n<li>konstrukcije i rada motornih vozila<\/li>\n\n\n\n<li>mehanike i elektrotehnike u vozilima<\/li>\n\n\n\n<li>odr\u017eavanja i popravke vozila<\/li>\n\n\n\n<li>dijagnostike kvarova na vozilima<\/li>\n\n\n\n<li>transporta i organizacije voznog parka<\/li>\n\n\n\n<li>tehni\u010dkog pregleda i sigurnosti u saobra\u0107aju<\/li>\n<\/ul>\n\n\n\n<p>Prakti\u010dna nastava se \u010desto obavlja u \u0161kolskim radionicama ili servisima, gdje u\u010denici u\u010de raditi sa alatima i dijagnosti\u010dkom opremom.<\/p>\n\n\n\n<p><strong>Gdje se mo\u017ee zaposliti<\/strong><br>Nakon zavr\u0161etka \u0161kole tehni\u010dar za vozila i vozna sredstva mo\u017ee raditi u:<\/p>\n\n\n\n<ul class=\"wp-block-list\">\n<li>autoservisima<\/li>\n\n\n\n<li>transportnim i logisti\u010dkim firmama<\/li>\n\n\n\n<li>firmama koje imaju veliki vozni park<\/li>\n\n\n\n<li>stanicama za tehni\u010dki pregled vozila<\/li>\n\n\n\n<li>proizvodnji ili odr\u017eavanju vozila<\/li>\n<\/ul>\n\n\n\n<p><strong>Mogu\u0107nost daljeg \u0161kolovanja<\/strong><br>U\u010denici mogu nastaviti \u0161kolovanje na fakultetima iz oblasti strojarstva, saobra\u0107aja, transporta i logistike.<\/p>\n\n\n\n<p><strong>Osobine koje su po\u017eeljne<\/strong><br>Za ovo zanimanje korisno je da osoba voli tehniku i vozila, ima razvijenu preciznost i odgovornost, voli prakti\u010dan rad i dobro rje\u0161ava tehni\u010dke probleme.<\/p>\n","protected":false},"excerpt":{"rendered":"<p>Zanimanje: Tehni\u010dar za vozila i vozna sredstva Tehni\u010dar za vozila i vozna sredstva je zanimanje u srednjoj tehni\u010dkoj \u0161koli koje priprema u\u010denike za rad s razli\u010ditim vrstama vozila i transportnih sistema. Ovaj smjer je namijenjen u\u010denicima koje zanimaju automobili, kamioni, &hellip; <a href=\"https:\/\/www.ss-kresevo.ba\/?page_id=2424\">Nastavi \u010ditati <span class=\"meta-nav\">&rarr;<\/span><\/a><\/p>\n","protected":false},"author":2,"featured_media":0,"parent":2406,"menu_order":0,"comment_status":"closed","ping_status":"closed","template":"","meta":{"footnotes":""},"class_list":["post-2424","page","type-page","status-publish","hentry"],"_links":{"self":[{"href":"https:\/\/www.ss-kresevo.ba\/index.php?rest_route=\/wp\/v2\/pages\/2424","targetHints":{"allow":["GET"]}}],"collection":[{"href":"https:\/\/www.ss-kresevo.ba\/index.php?rest_route=\/wp\/v2\/pages"}],"about":[{"href":"https:\/\/www.ss-kresevo.ba\/index.php?rest_route=\/wp\/v2\/types\/page"}],"author":[{"embeddable":true,"href":"https:\/\/www.ss-kresevo.ba\/index.php?rest_route=\/wp\/v2\/users\/2"}],"replies":[{"embeddable":true,"href":"https:\/\/www.ss-kresevo.ba\/index.php?rest_route=%2Fwp%2Fv2%2Fcomments&post=2424"}],"version-history":[{"count":1,"href":"https:\/\/www.ss-kresevo.ba\/index.php?rest_route=\/wp\/v2\/pages\/2424\/revisions"}],"predecessor-version":[{"id":2428,"href":"https:\/\/www.ss-kresevo.ba\/index.php?rest_route=\/wp\/v2\/pages\/2424\/revisions\/2428"}],"up":[{"embeddable":true,"href":"https:\/\/www.ss-kresevo.ba\/index.php?rest_route=\/wp\/v2\/pages\/2406"}],"wp:attachment":[{"href":"https:\/\/www.ss-kresevo.ba\/index.php?rest_route=%2Fwp%2Fv2%2Fmedia&parent=2424"}],"curies":[{"name":"wp","href":"https:\/\/api.w.org\/{rel}","templated":true}]}}