{"id":2418,"date":"2026-03-06T13:15:24","date_gmt":"2026-03-06T12:15:24","guid":{"rendered":"https:\/\/www.ss-kresevo.ba\/?page_id=2418"},"modified":"2026-03-20T09:32:23","modified_gmt":"2026-03-20T08:32:23","slug":"tehnicar-cestovnog-prometa","status":"publish","type":"page","link":"https:\/\/www.ss-kresevo.ba\/?page_id=2418","title":{"rendered":"Tehni\u010dar cestovnog prometa"},"content":{"rendered":"\n\n\n\n\n<p><strong>TEHNI\u010cAR CESTOVNOG PROMETA \u2013 OPIS ZANIMANJA<\/strong><\/p>\n\n\n\n<p>Tehni\u010dar cestovnog prometa je zanimanje u kojem u\u010denici stje\u010du znanja i vje\u0161tine vezane za organizaciju, planiranje i upravljanje cestovnim prometom. Tijekom \u0161kolovanja upoznaju se s prometnim propisima, sigurno\u0161\u0107u na cestama i organizacijom transporta ljudi i robe.<\/p>\n\n\n\n<p><strong>Propisi u prometu<\/strong><br>U\u010denici u\u010de prometna pravila, prometne znakove i zakone koji reguliraju sudjelovanje u prometu, kao i va\u017enost sigurnosti svih sudionika na cesti.<\/p>\n\n\n\n<p><strong>Prometna logistika<\/strong><br>Stje\u010du znanja o planiranju i organizaciji transporta robe i putnika, optimizaciji ruta i efikasnom upravljanju prometnim tokovima.<\/p>\n\n\n\n<p><strong>\u0160pediterske usluge<\/strong><br>Upoznaju se s poslovima \u0161pedicije, organizacijom me\u0111unarodnog i doma\u0107eg transporta, te pripremom i vo\u0111enjem transportne dokumentacije.<\/p>\n\n\n\n<p><strong>Ekonomika prometa<\/strong><br>U\u010de o tro\u0161kovima transporta, organizaciji poslovanja u prometu i ekonomskim aspektima rada transportnih kompanija.<\/p>\n\n\n\n<p><strong>Projektiranje parkinga<\/strong><br>Stje\u010du osnovna znanja o planiranju i projektiranju parkirali\u0161ta, organizaciji parking prostora i upravljanju prometom u urbanim sredinama.<\/p>\n\n\n\n<p><strong>Upravljanje voznim parkom<\/strong><br>U\u010de kako organizirati i nadzirati rad vozila u kompaniji, planirati odr\u017eavanje vozila i pratiti njihov rad i tro\u0161kove.<\/p>\n\n\n\n<p><strong>Rad na ra\u010dunalu<\/strong><br>Tijekom \u0161kolovanja razvijaju vje\u0161tine rada na ra\u010dunalu i kori\u0161tenja razli\u010ditih programa koji se koriste u prometu, logistici i administraciji.<\/p>\n\n\n\n<p>Nakon zavr\u0161etka \u0161kolovanja tehni\u010dari cestovnog prometa mogu raditi u transportnim i logisti\u010dkim kompanijama, \u0161pediterskim firmama, javnim institucijama vezanim za promet ili nastaviti \u0161kolovanje na fakultetima saobra\u0107aja i logistike.<\/p>\n","protected":false},"excerpt":{"rendered":"<p>TEHNI\u010cAR CESTOVNOG PROMETA \u2013 OPIS ZANIMANJA Tehni\u010dar cestovnog prometa je zanimanje u kojem u\u010denici stje\u010du znanja i vje\u0161tine vezane za organizaciju, planiranje i upravljanje cestovnim prometom. Tijekom \u0161kolovanja upoznaju se s prometnim propisima, sigurno\u0161\u0107u na cestama i organizacijom transporta ljudi &hellip; <a href=\"https:\/\/www.ss-kresevo.ba\/?page_id=2418\">Nastavi \u010ditati <span class=\"meta-nav\">&rarr;<\/span><\/a><\/p>\n","protected":false},"author":2,"featured_media":0,"parent":2406,"menu_order":0,"comment_status":"closed","ping_status":"closed","template":"","meta":{"footnotes":""},"class_list":["post-2418","page","type-page","status-publish","hentry"],"_links":{"self":[{"href":"https:\/\/www.ss-kresevo.ba\/index.php?rest_route=\/wp\/v2\/pages\/2418","targetHints":{"allow":["GET"]}}],"collection":[{"href":"https:\/\/www.ss-kresevo.ba\/index.php?rest_route=\/wp\/v2\/pages"}],"about":[{"href":"https:\/\/www.ss-kresevo.ba\/index.php?rest_route=\/wp\/v2\/types\/page"}],"author":[{"embeddable":true,"href":"https:\/\/www.ss-kresevo.ba\/index.php?rest_route=\/wp\/v2\/users\/2"}],"replies":[{"embeddable":true,"href":"https:\/\/www.ss-kresevo.ba\/index.php?rest_route=%2Fwp%2Fv2%2Fcomments&post=2418"}],"version-history":[{"count":4,"href":"https:\/\/www.ss-kresevo.ba\/index.php?rest_route=\/wp\/v2\/pages\/2418\/revisions"}],"predecessor-version":[{"id":2478,"href":"https:\/\/www.ss-kresevo.ba\/index.php?rest_route=\/wp\/v2\/pages\/2418\/revisions\/2478"}],"up":[{"embeddable":true,"href":"https:\/\/www.ss-kresevo.ba\/index.php?rest_route=\/wp\/v2\/pages\/2406"}],"wp:attachment":[{"href":"https:\/\/www.ss-kresevo.ba\/index.php?rest_route=%2Fwp%2Fv2%2Fmedia&parent=2418"}],"curies":[{"name":"wp","href":"https:\/\/api.w.org\/{rel}","templated":true}]}}