{"id":2412,"date":"2026-03-06T11:45:50","date_gmt":"2026-03-06T10:45:50","guid":{"rendered":"https:\/\/www.ss-kresevo.ba\/?page_id=2412"},"modified":"2026-03-20T09:26:18","modified_gmt":"2026-03-20T08:26:18","slug":"tehnicar-za-racunalstvo","status":"publish","type":"page","link":"https:\/\/www.ss-kresevo.ba\/?page_id=2412","title":{"rendered":"Tehni\u010dar za ra\u010dunalstvo"},"content":{"rendered":"\n\n\n\n\n<p><\/p>\n\n\n\n<p><strong>TEHNI\u010cAR ZA RA\u010cUNALSTVO \u2013 KOMPETENCIJE NAKON ZAVR\u0160ETKA SREDNJE \u0160KOLE<\/strong><\/p>\n\n\n\n<p>Zavr\u0161etkom smjera tehni\u010dar za ra\u010dunalstvo u\u010denici stje\u010du osnovna znanja i vje\u0161tine iz oblasti informatike, rada s ra\u010dunarima i Informacionih tehnologija.<\/p>\n\n\n\n<p><strong>Rad s ra\u010dunarima i operativnim sistemima<\/strong><br>U\u010denici u\u010de instalaciju, pode\u0161avanje i osnovno odr\u017eavanje operativnih sistema kao \u0161to su Windows i Linux, kao i rad s razli\u010ditim softverskim alatima.<\/p>\n\n\n\n<p><strong>Sastavljanje i odr\u017eavanje ra\u010dunara<\/strong><br>Stje\u010du znanje o ra\u010dunarskim komponentama kao \u0161to su procesor, RAM memorija, hard disk i mati\u010dna plo\u010da. U\u010de kako sastaviti ra\u010dunar, zamijeniti dijelove i otkloniti osnovne kvarove.<\/p>\n\n\n\n<p><strong>Ra\u010dunarske mre\u017ee<\/strong><br>U\u010denici stje\u010du osnovna znanja o ra\u010dunarskim mre\u017eama, na\u010dinu povezivanja ra\u010dunara u mre\u017eu, radu s mre\u017enom opremom i osnovnom pode\u0161avanju mre\u017enih ure\u0111aja.<\/p>\n\n\n\n<p><strong>Programiranje i razvoj softvera<\/strong><br>U\u010de osnove programiranja i algoritamskog razmi\u0161ljanja. Tijekom \u0161kolovanja upoznaju se s programskim jezicima kao \u0161to su C i Python, te osnovama razvoja jednostavnih programa.<\/p>\n\n\n\n<p><strong>Baze podataka i web tehnologije<\/strong><br>Stje\u010du osnovna znanja o bazama podataka i radu s podacima, kao i osnove izrade i ure\u0111ivanja web stranica (web dizajn).<\/p>\n\n\n\n<p><strong>Rad s 3D printerima<\/strong><br>U\u010denici se upoznaju s osnovama 3D modeliranja i kori\u0161tenjem 3D printera za izradu razli\u010ditih modela i prototipova.<\/p>\n\n\n\n<p><strong>Grafi\u010dki i web dizajn<\/strong><br>U\u010de koristiti alate za dizajn kao \u0161to je Canva za izradu prezentacija, grafika i jednostavnih web sadr\u017eaja.<\/p>\n\n\n\n<p><strong>Umjetna inteligencija<\/strong><br>U\u010denici se upoznaju s osnovama umjetne inteligencije i kori\u0161tenjem AI alata kao \u0161to je ChatGPT za pomo\u0107 u u\u010denju, istra\u017eivanju i rje\u0161avanju problema.<\/p>\n\n\n\n<p><strong>Robotika<\/strong><br>Stje\u010du osnovna znanja o radu s robotima i programiranju robota koriste\u0107i platforme kao \u0161to je mBlock.<\/p>\n\n\n\n<p><strong>Rad u IT okru\u017eenju<\/strong><br>U\u010denici razvijaju sposobnost rje\u0161avanja tehni\u010dkih problema, kori\u0161tenja informati\u010dkih alata i rada u timu u informati\u010dkom okru\u017eenju.<\/p>\n\n\n\n<p>Nakon zavr\u0161etka \u0161kolovanja, tehni\u010dar za ra\u010dunalstvo mo\u017ee raditi poslove kao \u0161to su IT tehni\u010dka podr\u0161ka, servisiranje ra\u010dunara, rad s mre\u017enom opremom ili nastaviti \u0161kolovanje na fakultetima tehni\u010dkog ili informati\u010dkog usmjerenja.<\/p>\n\n\n\n<p><\/p>\n","protected":false},"excerpt":{"rendered":"<p>TEHNI\u010cAR ZA RA\u010cUNALSTVO \u2013 KOMPETENCIJE NAKON ZAVR\u0160ETKA SREDNJE \u0160KOLE Zavr\u0161etkom smjera tehni\u010dar za ra\u010dunalstvo u\u010denici stje\u010du osnovna znanja i vje\u0161tine iz oblasti informatike, rada s ra\u010dunarima i Informacionih tehnologija. Rad s ra\u010dunarima i operativnim sistemimaU\u010denici u\u010de instalaciju, pode\u0161avanje i osnovno &hellip; <a href=\"https:\/\/www.ss-kresevo.ba\/?page_id=2412\">Nastavi \u010ditati <span class=\"meta-nav\">&rarr;<\/span><\/a><\/p>\n","protected":false},"author":2,"featured_media":0,"parent":2406,"menu_order":0,"comment_status":"closed","ping_status":"closed","template":"","meta":{"footnotes":""},"class_list":["post-2412","page","type-page","status-publish","hentry"],"_links":{"self":[{"href":"https:\/\/www.ss-kresevo.ba\/index.php?rest_route=\/wp\/v2\/pages\/2412","targetHints":{"allow":["GET"]}}],"collection":[{"href":"https:\/\/www.ss-kresevo.ba\/index.php?rest_route=\/wp\/v2\/pages"}],"about":[{"href":"https:\/\/www.ss-kresevo.ba\/index.php?rest_route=\/wp\/v2\/types\/page"}],"author":[{"embeddable":true,"href":"https:\/\/www.ss-kresevo.ba\/index.php?rest_route=\/wp\/v2\/users\/2"}],"replies":[{"embeddable":true,"href":"https:\/\/www.ss-kresevo.ba\/index.php?rest_route=%2Fwp%2Fv2%2Fcomments&post=2412"}],"version-history":[{"count":11,"href":"https:\/\/www.ss-kresevo.ba\/index.php?rest_route=\/wp\/v2\/pages\/2412\/revisions"}],"predecessor-version":[{"id":2468,"href":"https:\/\/www.ss-kresevo.ba\/index.php?rest_route=\/wp\/v2\/pages\/2412\/revisions\/2468"}],"up":[{"embeddable":true,"href":"https:\/\/www.ss-kresevo.ba\/index.php?rest_route=\/wp\/v2\/pages\/2406"}],"wp:attachment":[{"href":"https:\/\/www.ss-kresevo.ba\/index.php?rest_route=%2Fwp%2Fv2%2Fmedia&parent=2412"}],"curies":[{"name":"wp","href":"https:\/\/api.w.org\/{rel}","templated":true}]}}